{"id":20052,"date":"2020-01-11T19:36:13","date_gmt":"2020-01-11T19:36:13","guid":{"rendered":"https:\/\/mobis.si\/home\/"},"modified":"2020-04-01T09:08:24","modified_gmt":"2020-04-01T09:08:24","slug":"home","status":"publish","type":"page","link":"https:\/\/mobis.si\/sl\/","title":{"rendered":"Domov"},"content":{"rendered":"<div class=\"wpb-content-wrapper\">[vc_row enable_container=&#8221;st2&#8243; enable_full_height_sec=&#8221;st2&#8243; section_back_opt=&#8221;dark-bg-2&#8243; sec_text_color_opt=&#8221;text-color-5&#8243; row_padding_top=&#8221;top-padding-60&#8243; row_padding_bottom=&#8221;no-padding-bottom&#8221;][vc_column][vc_row_inner][vc_column_inner][wr_vc_titles title_style=&#8221;large-title&#8221; padding_bottom=&#8221;bottom-padding-0&#8243;][wr_vc_title title=&#8221;Zakaj izbrati&#8221; animation_delay=&#8221;01&#8243;][wr_vc_title title=&#8221;Mobis?&#8221; animation_delay=&#8221;02&#8243;][\/wr_vc_titles][\/vc_column_inner][\/vc_row_inner][vc_row_inner][vc_column_inner width=&#8221;1\/2&#8243;]<div data-animation-container><div data-animation-child class=\"p-style-medium text-color-5 text-left xen-textblock pull-left fade-anim-box tr-delay02\" data-animation=\"fade-anim\">\n<div class=\"col-md-6\">\n<p class=\"regular\">Mobis Technology je blagovna znamka, katere glavni poudarek je na kakovosti in inovativnem razvoju mobilnih aplikacij po meri. \u017de od za\u010detka ustvarjanja mobilnih aplikacij smo pozorni na dobro strategijo.<\/p>\n<\/div>\n<\/div><\/div>[\/vc_column_inner][vc_column_inner width=&#8221;1\/2&#8243;]<div data-animation-container><div data-animation-child class=\"p-style-medium text-color-5 text-left xen-textblock pull-left fade-anim-box tr-delay02\" data-animation=\"fade-anim\">\n<div class=\"col-md-6\">\n<p class=\"regular\">Z odli\u010dno strategijo, privla\u010dnim dizajnom in odli\u010dno funkcionalnostjo lahko ustvarjamo aplikacije, ki izstopajo na trgih, kot sta Google Play in App Store. Na\u0161 cilj je prehiteti konkurenco in svojim strankam ter uporabnikom omogo\u010diti izjemno izku\u0161njo!<\/p>\n<\/div>\n<\/div><\/div>[\/vc_column_inner][\/vc_row_inner][vc_row_inner][vc_column_inner width=&#8221;1\/2&#8243;][wr_vc_lists text_color=&#8221;text-color-5&#8243; top_padding=&#8221;top-padding-30&#8243;][wr_vc_list animation_delay=&#8221;01&#8243;]Okrepitev[\/wr_vc_list][wr_vc_list animation_delay=&#8221;02&#8243;]Razvoj Z Osredoto\u010denjem Na Stranko[\/wr_vc_list][wr_vc_list animation_delay=&#8221;03&#8243;]Predana Ekipa[\/wr_vc_list][wr_vc_list animation_delay=&#8221;04&#8243;]Agilni Razvoj[\/wr_vc_list][\/wr_vc_lists][\/vc_column_inner][vc_column_inner width=&#8221;1\/2&#8243;][wr_vc_lists text_color=&#8221;text-color-5&#8243; top_padding=&#8221;top-padding-30&#8243;][wr_vc_list animation_delay=&#8221;05&#8243;]Odli\u010dna Podpora[\/wr_vc_list][wr_vc_list animation_delay=&#8221;06&#8243;]Varnostne Kopije Podatkov[\/wr_vc_list][wr_vc_list animation_delay=&#8221;07&#8243;]Varstvo Podatkov[\/wr_vc_list][wr_vc_list animation_delay=&#8221;08&#8243;]Kvalitetna Izdelava[\/wr_vc_list][\/wr_vc_lists][\/vc_column_inner][\/vc_row_inner][\/vc_column][\/vc_row][vc_row enable_container=&#8221;st3&#8243; menu_logo_opt=&#8221;st2&#8243; row_padding_bottom=&#8221;bottom-padding-30&#8243;][vc_column offset=&#8221;vc_hidden-xs&#8221;][vc_row_inner][vc_column_inner]<div data-animation-container  class=\"bottom-padding-50 text-center\"><h2 data-animation-child class=\"xen-sec-title-class large-title text-height-10 text-color-0 overlay-anim-box2\" data-animation=\"overlay-anim2\">Nedavna dela<\/h2><br><p data-animation-child class=\"fade-anim-box tr-delay02 text-color-0 xsmall-title-oswald top-margin-5\" data-animation=\"fade-anim\">Na\u0161e mobilne re\u0161itve za stranke<\/p><\/div>[\/vc_column_inner][\/vc_row_inner][vc_row_inner][vc_column_inner]<div class=\"isotope-items-wrap no-hide-last loadmore-wrapper\" data-load-item=\"4\" data-button-text=\"Load More\"><div class=\"grid-sizer\"><\/div><\/div>[\/vc_column_inner][\/vc_row_inner][\/vc_column][\/vc_row][vc_row section_back_opt=&#8221;light-bg-2&#8243; menu_logo_opt=&#8221;st2&#8243; sec_text_color_opt=&#8221;text-color-5&#8243;][vc_column width=&#8221;1\/2&#8243; css=&#8221;.vc_custom_1585044501135{padding-top: 60px !important;}&#8221;]<div data-animation-container  class=\"bottom-padding-60 text-left\"><h2 data-animation-child class=\"xen-sec-title-class large-title text-height-10 red-color overlay-anim-box2\" data-animation=\"overlay-anim2\">SKUPAJ LAHKO USTVARJAMO PRIHODNOST<\/h2><br><p data-animation-child class=\"fade-anim-box tr-delay02 red-color xsmall-title-oswald top-margin-5\" data-animation=\"fade-anim\">Svetujemo in uresni\u010dujemo va\u0161e ideje, da postanejo resni\u010dnost.<\/p><\/div><div data-animation-container><div data-animation-child class=\"p-style-small text-color-0 text-left xen-textblock pull-left fade-anim-box tr-delay01\" data-animation=\"fade-anim\"><b data-stringify-type=\"bold\">Podpora<\/b><br \/>\nZ nami ne boste nikoli sami. Tu smo, da vam pomagamo, zagotavljamo popolno podporo in ponujamo vse informacije, ki jih potrebujete.<\/p>\n<p><b data-stringify-type=\"bold\">Zadovoljstvo<\/b><br \/>\nZa vas vedno najdemo najbolj\u0161o re\u0161itev. Tako poskrbimo, da ste zadovoljni z opravljenim delom in kon\u010dnimi izdelki.<\/p>\n<p><b data-stringify-type=\"bold\">Kakovost<\/b><br \/>\nZavedamo se, da je kakovostni razvoj klju\u010dnega pomena za nemoteno uporabo aplikacij. Kakovost je na\u0161a strast!<\/div><\/div>[\/vc_column][vc_column width=&#8221;1\/2&#8243;][vc_column_text]<!-- Start of Meetings Embed Script --><\/p>\n<div class=\"meetings-iframe-container\" data-src=\"https:\/\/meetings.hubspot.com\/tina58\/15min?embed=true\"><\/div>\n<p><script type=\"text\/javascript\" src=\"https:\/\/static.hsappstatic.net\/MeetingsEmbed\/ex\/MeetingsEmbedCode.js\"><\/script><!-- End of Meetings Embed Script -->[\/vc_column_text][\/vc_column][\/vc_row][vc_row enable_container=&#8221;st2&#8243; section_back_opt=&#8221;dark-bg-2&#8243; sec_text_color_opt=&#8221;text-color-4&#8243;][vc_column][vc_row_inner][vc_column_inner][wr_vc_titles text_align=&#8221;text-left&#8221; title_style=&#8221;medium-title&#8221; padding_bottom=&#8221;bottom-padding-0&#8243;][wr_vc_title title=&#8221;Stranke&#8221; animation_delay=&#8221;01&#8243;][wr_vc_title title=&#8221;s katerimi&#8221; animation_delay=&#8221;02&#8243;][wr_vc_title title=&#8221;sodelujemo&#8221; animation_delay=&#8221;03&#8243;][\/wr_vc_titles][\/vc_column_inner][\/vc_row_inner][wr_vc_clients class=&#8221;test-class&#8221;][wr_vc_client button_url=&#8221;#&#8221; image=&#8221;19426&#8243; image_hover=&#8221;19422&#8243;][wr_vc_client button_url=&#8221;#&#8221; image=&#8221;19418&#8243; image_hover=&#8221;19406&#8243;][wr_vc_client button_url=&#8221;#&#8221; image=&#8221;19414&#8243; image_hover=&#8221;19410&#8243;][wr_vc_client button_url=&#8221;#&#8221; image=&#8221;19402&#8243; image_hover=&#8221;19390&#8243;][wr_vc_client button_url=&#8221;#&#8221; image=&#8221;19398&#8243; image_hover=&#8221;19394&#8243;][wr_vc_client button_url=&#8221;#&#8221; image=&#8221;19386&#8243; image_hover=&#8221;19374&#8243;][wr_vc_client button_url=&#8221;#&#8221; image=&#8221;19382&#8243; image_hover=&#8221;19378&#8243;][wr_vc_client button_url=&#8221;#&#8221; image=&#8221;19370&#8243; image_hover=&#8221;19358&#8243;][wr_vc_client button_url=&#8221;#&#8221; image=&#8221;19366&#8243; image_hover=&#8221;19362&#8243;][wr_vc_client button_url=&#8221;#&#8221; image=&#8221;19354&#8243; image_hover=&#8221;19342&#8243;][wr_vc_client button_url=&#8221;#&#8221; image=&#8221;19350&#8243; image_hover=&#8221;19346&#8243;][wr_vc_client_blank data_title_1=&#8221;This spot&#8221; data_title_2=&#8221;Awaits&#8221; data_title_3=&#8221;You&#8221;][\/wr_vc_clients][\/vc_column][\/vc_row]\n<\/div>","protected":false},"excerpt":{"rendered":"<p>[vc_row enable_container=&#8221;st2&#8243; enable_full_height_sec=&#8221;st2&#8243; section_back_opt=&#8221;dark-bg-2&#8243; sec_text_color_opt=&#8221;text-color-5&#8243; row_padding_top=&#8221;top-padding-60&#8243; row_padding_bottom=&#8221;no-padding-bottom&#8221;][vc_column][vc_row_inner][vc_column_inner][wr_vc_titles title_style=&#8221;large-title&#8221; padding_bottom=&#8221;bottom-padding-0&#8243;][wr_vc_title title=&#8221;Zakaj izbrati&#8221; animation_delay=&#8221;01&#8243;][wr_vc_title title=&#8221;Mobis?&#8221; animation_delay=&#8221;02&#8243;][\/wr_vc_titles][\/vc_column_inner][\/vc_row_inner][vc_row_inner][vc_column_inner width=&#8221;1\/2&#8243;][\/vc_column_inner][vc_column_inner width=&#8221;1\/2&#8243;][\/vc_column_inner][\/vc_row_inner][vc_row_inner][vc_column_inner width=&#8221;1\/2&#8243;][wr_vc_lists text_color=&#8221;text-color-5&#8243; top_padding=&#8221;top-padding-30&#8243;][wr_vc_list animation_delay=&#8221;01&#8243;]Okrepitev[\/wr_vc_list][wr_vc_list animation_delay=&#8221;02&#8243;]Razvoj Z&#8230;<\/p>\n","protected":false},"author":3,"featured_media":19773,"parent":0,"menu_order":0,"comment_status":"closed","ping_status":"closed","template":"","meta":{"footnotes":""},"class_list":["post-20052","page","type-page","status-publish","has-post-thumbnail","hentry"],"yoast_head":"<!-- This site is optimized with the Yoast SEO Premium plugin v22.6 (Yoast SEO v27.5) - https:\/\/yoast.com\/product\/yoast-seo-premium-wordpress\/ -->\n<title>Domov | MOBIS<\/title>\n<meta name=\"robots\" content=\"index, follow, max-snippet:-1, max-image-preview:large, max-video-preview:-1\" \/>\n<link rel=\"canonical\" href=\"https:\/\/mobis.si\/sl\/\" \/>\n<meta property=\"og:locale\" content=\"sl_SI\" \/>\n<meta property=\"og:type\" content=\"article\" \/>\n<meta property=\"og:title\" content=\"Domov\" \/>\n<meta property=\"og:description\" content=\"[vc_row enable_container=&#8221;st2&#8243; enable_full_height_sec=&#8221;st2&#8243; section_back_opt=&#8221;dark-bg-2&#8243; sec_text_color_opt=&#8221;text-color-5&#8243; row_padding_top=&#8221;top-padding-60&#8243; row_padding_bottom=&#8221;no-padding-bottom&#8221;][vc_column][vc_row_inner][vc_column_inner][wr_vc_titles title_style=&#8221;large-title&#8221; padding_bottom=&#8221;bottom-padding-0&#8243;][wr_vc_title title=&#8221;Zakaj izbrati&#8221; animation_delay=&#8221;01&#8243;][wr_vc_title title=&#8221;Mobis?&#8221; animation_delay=&#8221;02&#8243;][\/wr_vc_titles][\/vc_column_inner][\/vc_row_inner][vc_row_inner][vc_column_inner width=&#8221;1\/2&#8243;][\/vc_column_inner][vc_column_inner width=&#8221;1\/2&#8243;][\/vc_column_inner][\/vc_row_inner][vc_row_inner][vc_column_inner width=&#8221;1\/2&#8243;][wr_vc_lists text_color=&#8221;text-color-5&#8243; top_padding=&#8221;top-padding-30&#8243;][wr_vc_list animation_delay=&#8221;01&#8243;]Okrepitev[\/wr_vc_list][wr_vc_list animation_delay=&#8221;02&#8243;]Razvoj Z...\" \/>\n<meta property=\"og:url\" content=\"https:\/\/mobis.si\/sl\/\" \/>\n<meta property=\"og:site_name\" content=\"MOBIS\" \/>\n<meta property=\"article:modified_time\" content=\"2020-04-01T09:08:24+00:00\" \/>\n<meta property=\"og:image\" content=\"https:\/\/mobis.si\/wp-content\/uploads\/2020\/03\/Mobis_header_v3.jpg\" \/>\n\t<meta property=\"og:image:width\" content=\"1500\" \/>\n\t<meta property=\"og:image:height\" content=\"1500\" \/>\n\t<meta property=\"og:image:type\" content=\"image\/jpeg\" \/>\n<meta name=\"twitter:card\" content=\"summary_large_image\" \/>\n<meta name=\"twitter:label1\" content=\"Est. reading time\" \/>\n\t<meta name=\"twitter:data1\" content=\"4 minute\" \/>\n<script type=\"application\/ld+json\" class=\"yoast-schema-graph\">{\"@context\":\"https:\\\/\\\/schema.org\",\"@graph\":[{\"@type\":\"WebPage\",\"@id\":\"https:\\\/\\\/mobis.si\\\/sl\\\/\",\"url\":\"https:\\\/\\\/mobis.si\\\/sl\\\/\",\"name\":\"Domov | MOBIS\",\"isPartOf\":{\"@id\":\"https:\\\/\\\/mobis.si\\\/#website\"},\"primaryImageOfPage\":{\"@id\":\"https:\\\/\\\/mobis.si\\\/sl\\\/#primaryimage\"},\"image\":{\"@id\":\"https:\\\/\\\/mobis.si\\\/sl\\\/#primaryimage\"},\"thumbnailUrl\":\"https:\\\/\\\/mobis.si\\\/wp-content\\\/uploads\\\/2020\\\/03\\\/Mobis_header_v3.jpg\",\"datePublished\":\"2020-01-11T19:36:13+00:00\",\"dateModified\":\"2020-04-01T09:08:24+00:00\",\"breadcrumb\":{\"@id\":\"https:\\\/\\\/mobis.si\\\/sl\\\/#breadcrumb\"},\"inLanguage\":\"sl-SI\",\"potentialAction\":[{\"@type\":\"ReadAction\",\"target\":[\"https:\\\/\\\/mobis.si\\\/sl\\\/\"]}]},{\"@type\":\"ImageObject\",\"inLanguage\":\"sl-SI\",\"@id\":\"https:\\\/\\\/mobis.si\\\/sl\\\/#primaryimage\",\"url\":\"https:\\\/\\\/mobis.si\\\/wp-content\\\/uploads\\\/2020\\\/03\\\/Mobis_header_v3.jpg\",\"contentUrl\":\"https:\\\/\\\/mobis.si\\\/wp-content\\\/uploads\\\/2020\\\/03\\\/Mobis_header_v3.jpg\",\"width\":1500,\"height\":1500},{\"@type\":\"BreadcrumbList\",\"@id\":\"https:\\\/\\\/mobis.si\\\/sl\\\/#breadcrumb\",\"itemListElement\":[{\"@type\":\"ListItem\",\"position\":1,\"name\":\"Domov\",\"item\":\"https:\\\/\\\/mobis.si\\\/sl\\\/\"},{\"@type\":\"ListItem\",\"position\":2,\"name\":\"Domov\"}]},{\"@type\":\"WebSite\",\"@id\":\"https:\\\/\\\/mobis.si\\\/#website\",\"url\":\"https:\\\/\\\/mobis.si\\\/\",\"name\":\"MOBIS\",\"description\":\"Agency for mobile apps\",\"potentialAction\":[{\"@type\":\"SearchAction\",\"target\":{\"@type\":\"EntryPoint\",\"urlTemplate\":\"https:\\\/\\\/mobis.si\\\/?s={search_term_string}\"},\"query-input\":{\"@type\":\"PropertyValueSpecification\",\"valueRequired\":true,\"valueName\":\"search_term_string\"}}],\"inLanguage\":\"sl-SI\"}]}<\/script>\n<!-- \/ Yoast SEO Premium plugin. -->","yoast_head_json":{"title":"Domov | MOBIS","robots":{"index":"index","follow":"follow","max-snippet":"max-snippet:-1","max-image-preview":"max-image-preview:large","max-video-preview":"max-video-preview:-1"},"canonical":"https:\/\/mobis.si\/sl\/","og_locale":"sl_SI","og_type":"article","og_title":"Domov","og_description":"[vc_row enable_container=&#8221;st2&#8243; enable_full_height_sec=&#8221;st2&#8243; section_back_opt=&#8221;dark-bg-2&#8243; sec_text_color_opt=&#8221;text-color-5&#8243; row_padding_top=&#8221;top-padding-60&#8243; row_padding_bottom=&#8221;no-padding-bottom&#8221;][vc_column][vc_row_inner][vc_column_inner][wr_vc_titles title_style=&#8221;large-title&#8221; padding_bottom=&#8221;bottom-padding-0&#8243;][wr_vc_title title=&#8221;Zakaj izbrati&#8221; animation_delay=&#8221;01&#8243;][wr_vc_title title=&#8221;Mobis?&#8221; animation_delay=&#8221;02&#8243;][\/wr_vc_titles][\/vc_column_inner][\/vc_row_inner][vc_row_inner][vc_column_inner width=&#8221;1\/2&#8243;][\/vc_column_inner][vc_column_inner width=&#8221;1\/2&#8243;][\/vc_column_inner][\/vc_row_inner][vc_row_inner][vc_column_inner width=&#8221;1\/2&#8243;][wr_vc_lists text_color=&#8221;text-color-5&#8243; top_padding=&#8221;top-padding-30&#8243;][wr_vc_list animation_delay=&#8221;01&#8243;]Okrepitev[\/wr_vc_list][wr_vc_list animation_delay=&#8221;02&#8243;]Razvoj Z...","og_url":"https:\/\/mobis.si\/sl\/","og_site_name":"MOBIS","article_modified_time":"2020-04-01T09:08:24+00:00","og_image":[{"width":1500,"height":1500,"url":"https:\/\/mobis.si\/wp-content\/uploads\/2020\/03\/Mobis_header_v3.jpg","type":"image\/jpeg"}],"twitter_card":"summary_large_image","twitter_misc":{"Est. reading time":"4 minute"},"schema":{"@context":"https:\/\/schema.org","@graph":[{"@type":"WebPage","@id":"https:\/\/mobis.si\/sl\/","url":"https:\/\/mobis.si\/sl\/","name":"Domov | MOBIS","isPartOf":{"@id":"https:\/\/mobis.si\/#website"},"primaryImageOfPage":{"@id":"https:\/\/mobis.si\/sl\/#primaryimage"},"image":{"@id":"https:\/\/mobis.si\/sl\/#primaryimage"},"thumbnailUrl":"https:\/\/mobis.si\/wp-content\/uploads\/2020\/03\/Mobis_header_v3.jpg","datePublished":"2020-01-11T19:36:13+00:00","dateModified":"2020-04-01T09:08:24+00:00","breadcrumb":{"@id":"https:\/\/mobis.si\/sl\/#breadcrumb"},"inLanguage":"sl-SI","potentialAction":[{"@type":"ReadAction","target":["https:\/\/mobis.si\/sl\/"]}]},{"@type":"ImageObject","inLanguage":"sl-SI","@id":"https:\/\/mobis.si\/sl\/#primaryimage","url":"https:\/\/mobis.si\/wp-content\/uploads\/2020\/03\/Mobis_header_v3.jpg","contentUrl":"https:\/\/mobis.si\/wp-content\/uploads\/2020\/03\/Mobis_header_v3.jpg","width":1500,"height":1500},{"@type":"BreadcrumbList","@id":"https:\/\/mobis.si\/sl\/#breadcrumb","itemListElement":[{"@type":"ListItem","position":1,"name":"Domov","item":"https:\/\/mobis.si\/sl\/"},{"@type":"ListItem","position":2,"name":"Domov"}]},{"@type":"WebSite","@id":"https:\/\/mobis.si\/#website","url":"https:\/\/mobis.si\/","name":"MOBIS","description":"Agency for mobile apps","potentialAction":[{"@type":"SearchAction","target":{"@type":"EntryPoint","urlTemplate":"https:\/\/mobis.si\/?s={search_term_string}"},"query-input":{"@type":"PropertyValueSpecification","valueRequired":true,"valueName":"search_term_string"}}],"inLanguage":"sl-SI"}]}},"_links":{"self":[{"href":"https:\/\/mobis.si\/sl\/wp-json\/wp\/v2\/pages\/20052","targetHints":{"allow":["GET"]}}],"collection":[{"href":"https:\/\/mobis.si\/sl\/wp-json\/wp\/v2\/pages"}],"about":[{"href":"https:\/\/mobis.si\/sl\/wp-json\/wp\/v2\/types\/page"}],"author":[{"embeddable":true,"href":"https:\/\/mobis.si\/sl\/wp-json\/wp\/v2\/users\/3"}],"replies":[{"embeddable":true,"href":"https:\/\/mobis.si\/sl\/wp-json\/wp\/v2\/comments?post=20052"}],"version-history":[{"count":5,"href":"https:\/\/mobis.si\/sl\/wp-json\/wp\/v2\/pages\/20052\/revisions"}],"predecessor-version":[{"id":21177,"href":"https:\/\/mobis.si\/sl\/wp-json\/wp\/v2\/pages\/20052\/revisions\/21177"}],"wp:featuredmedia":[{"embeddable":true,"href":"https:\/\/mobis.si\/sl\/wp-json\/wp\/v2\/media\/19773"}],"wp:attachment":[{"href":"https:\/\/mobis.si\/sl\/wp-json\/wp\/v2\/media?parent=20052"}],"curies":[{"name":"wp","href":"https:\/\/api.w.org\/{rel}","templated":true}]}}