{"id":21105,"date":"2021-05-28T13:10:42","date_gmt":"2021-05-28T13:10:42","guid":{"rendered":"https:\/\/mobis.si\/?page_id=21105"},"modified":"2021-05-28T13:15:10","modified_gmt":"2021-05-28T13:15:10","slug":"pravilnik-o-zasebnosti","status":"publish","type":"page","link":"https:\/\/mobis.si\/sl\/projekti\/parketarstvo-mit\/pravilnik-o-zasebnosti\/","title":{"rendered":"Pravilnik o zasebnosti"},"content":{"rendered":"<div class=\"wpb-content-wrapper\">[vc_row][vc_column][vc_column_text]MIROSLAV TUR\u0160I\u010c s.p. je zagradil mobilno aplikacijo PARKETARSTVO MIT, ki je brezpla\u010dna. To STORITEV ponuja podjetje MIROSLAV TUR\u0160I\u010c s.p. brez kakr\u0161nih koli stro\u0161kov in je namenjena za uporabo, kakr\u0161na je.<br \/>\nTa stran se uporablja za obve\u0161\u010danje obiskovalcev o na\u0161ih pravilnikih z zbiranjem, uporabo in razkritjem osebnih podatkov, \u010de se je kdo odlo\u010dil za uporabo na\u0161e storitve.<\/p>\n<p>\u010ce se odlo\u010dite za uporabo na\u0161e storitve, se strinjate z zbiranjem in uporabo informacij v zvezi s tem pravilnikom. Osebni podatki, ki jih zbiramo, se uporabljajo za zagotavljanje in izbolj\u0161anje storitve. Va\u0161ih podatkov ne bomo uporabljali ali delili z nikomer, razen kot je opisano v tem pravilniku o zasebnosti.<\/p>\n<p>Izrazi, uporabljeni v tej politiki zasebnosti, imajo enake pomene kot v na\u0161ih pogojih, ki so na voljo pri MIROSLAV TUR\u0160I\u010c s.p., \u010de ni druga\u010de dolo\u010deno v tej politiki zasebnosti.<\/p>\n<p>Zbiranje in uporaba informacij<\/p>\n<p>Za bolj\u0161o izku\u0161njo bomo med uporabo na\u0161e storitve morda zahtevali, da nam posredujete nekatere osebne podatke. Podatke, ki jih zahtevamo, bomo shranili in uporabili, kot je opisano v tej politiki zasebnosti.<\/p>\n<p>Aplikacija uporablja storitve tretjih oseb, ki lahko zbirajo informacije, s katerimi se identificirajo.<\/p>\n<p>Povezava do politike zasebnosti tretjih ponudnikov storitev, ki jo uporablja aplikacija<\/p>\n<p>Storitve Google Play<\/p>\n<p>Log Data<\/p>\n<p>Obve\u0161\u010damo vas, da vsaki\u010d, ko uporabljate na\u0161o storitev, v primeru napake v aplikaciji na va\u0161em telefonu zbiramo podatke in podatke (prek izdelkov tretjih oseb) z imenom Log Data. Ti podatki lahko vklju\u010dujejo podatke, kot so naslov internetnega protokola va\u0161e naprave (\u201cIP\u201d), ime naprave, razli\u010dica operacijskega sistema, konfiguracija aplikacije pri uporabi na\u0161e storitve, \u010das in datum uporabe storitve ter druge statistike .<\/p>\n<p>Pi\u0161kotki so datoteke z majhno koli\u010dino podatkov, ki se obi\u010dajno uporabljajo kot anonimni enoli\u010dni identifikatorji. Te se po\u0161ljejo v va\u0161 brskalnik s spletnih mest, ki jih obi\u0161\u010dete in so shranjene v notranjem pomnilniku va\u0161e naprave.<\/p>\n<p>Ta storitev teh \u201cpi\u0161kotkov\u201d ne uporablja izrecno. Vendar lahko aplikacija uporablja kodo tretjih oseb in knji\u017enice, ki uporabljajo pi\u0161kotke za zbiranje informacij in izbolj\u0161anje svojih storitev. Te pi\u0161kotke lahko sprejmete ali zavrnete in veste, kdaj se pi\u0161kotek po\u0161ilja v va\u0161o napravo. \u010ce se odlo\u010dite, da zavrnete na\u0161e pi\u0161kotke, morda ne boste mogli uporabljati nekaterih delov te storitve.<\/p>\n<p>Ponudniki storitev<\/p>\n<p>Lahko zaposlimo tretja podjetja in posameznike iz naslednjih razlogov:<\/p>\n<p>Za olaj\u0161anje na\u0161e storitve;<\/p>\n<p>Za zagotavljanje storitve v na\u0161em imenu;<\/p>\n<p>Opravljati storitve, povezane s storitvami; ali<\/p>\n<p>Da bi nam pomagali pri analizi uporabe na\u0161e storitve.<\/p>\n<p>Uporabnike te storitve \u017eelimo obvestiti, da imajo te tretje osebe dostop do va\u0161ih osebnih podatkov. Razlog je v tem, da v na\u0161em imenu opravljajo naloge, ki so jim bile dodeljene. Vendar pa so zavezane, da teh informacij ne bodo razkrivale ali uporabljale za druge namene.<\/p>\n<p>Varnost<\/p>\n<p>Cenimo va\u0161e zaupanje pri posredovanju va\u0161ih osebnih podatkov, zato si prizadevamo uporabiti komercialno sprejemljiva sredstva za njihovo za\u0161\u010dito. Ne pozabite pa, da noben na\u010din prenosa po internetu ali na\u010din elektronskega shranjevanja ni stoodstotno varen in zanesljiv, zato ne moremo zagotoviti njegove popolne varnosti.<\/p>\n<p>Povezave do drugih spletnih mest<\/p>\n<p>Ta storitev lahko vsebuje povezave do drugih spletnih mest. \u010ce kliknete povezavo tretje osebe, boste preusmerjeni na to spletno mesto. Upo\u0161tevajte, da teh zunanjih spletnih mest ne upravljamo. Zato vam mo\u010dno svetujemo, da pregledate pravilnik o zasebnosti teh spletnih mest. Nimamo nadzora nad in ne prevzemamo nobene odgovornosti za vsebino, pravilnike o zasebnosti ali prakso spletnih mest ali storitev tretjih oseb.<\/p>\n<p>Otrokova zasebnost<\/p>\n<p>Te storitve ne naslavljajo nikogar, mlaj\u0161ega od 13 let. Zavestno ne zbiramo osebnih podatkov pri otrocih, mlaj\u0161ih od 13 let. V primeru, da odkrijemo, da nam je otrok, mlaj\u0161i od 13 let, posredoval osebne podatke, jih nemudoma izbri\u0161emo iz na\u0161ih stre\u017enikov. \u010ce ste star\u0161 ali skrbnik in se zavedate, da nam je va\u0161 otrok posredoval osebne podatke, nas kontaktirajte, da bomo lahko izvedli potrebna dejanja.<\/p>\n<p>Spremembe tega pravilnika o zasebnosti<\/p>\n<p>Ob\u010dasno lahko posodobimo na\u0161o politiko zasebnosti. Zato vam svetujemo, da to stran ob\u010dasno pregledate, da bi na\u0161li morebitne spremembe. O vseh spremembah vas bomo obvestili, tako da bomo na tej strani objavili nov pravilnik o zasebnosti. Te spremembe za\u010dnejo veljati takoj po objavi na tej strani.<\/p>\n<p>Kontaktiraj nas<\/p>\n<p>\u010ce imate kakr\u0161na koli vpra\u0161anja ali predloge v zvezi z na\u0161o politiko zasebnosti, ne oklevajte in nas kontaktirajte na support@mobis.si.[\/vc_column_text][\/vc_column][\/vc_row]\n<\/div>","protected":false},"excerpt":{"rendered":"<p>[vc_row][vc_column][vc_column_text]MIROSLAV TUR\u0160I\u010c s.p. je zagradil mobilno aplikacijo PARKETARSTVO MIT, ki je brezpla\u010dna. To STORITEV ponuja podjetje MIROSLAV TUR\u0160I\u010c s.p. brez kakr\u0161nih koli&#8230;<\/p>\n","protected":false},"author":2,"featured_media":0,"parent":21103,"menu_order":0,"comment_status":"closed","ping_status":"closed","template":"","meta":{"footnotes":""},"class_list":["post-21105","page","type-page","status-publish","hentry"],"yoast_head":"<!-- This site is optimized with the Yoast SEO Premium plugin v22.6 (Yoast SEO v25.2) - https:\/\/yoast.com\/wordpress\/plugins\/seo\/ -->\n<title>Pravilnik o zasebnosti | MOBIS<\/title>\n<meta name=\"robots\" content=\"index, follow, max-snippet:-1, max-image-preview:large, max-video-preview:-1\" \/>\n<link rel=\"canonical\" href=\"https:\/\/mobis.si\/sl\/projekti\/parketarstvo-mit\/pravilnik-o-zasebnosti\/\" \/>\n<meta property=\"og:locale\" content=\"sl_SI\" \/>\n<meta property=\"og:type\" content=\"article\" \/>\n<meta property=\"og:title\" content=\"Pravilnik o zasebnosti\" \/>\n<meta property=\"og:description\" content=\"[vc_row][vc_column][vc_column_text]MIROSLAV TUR\u0160I\u010c s.p. je zagradil mobilno aplikacijo PARKETARSTVO MIT, ki je brezpla\u010dna. To STORITEV ponuja podjetje MIROSLAV TUR\u0160I\u010c s.p. brez kakr\u0161nih koli...\" \/>\n<meta property=\"og:url\" content=\"https:\/\/mobis.si\/sl\/projekti\/parketarstvo-mit\/pravilnik-o-zasebnosti\/\" \/>\n<meta property=\"og:site_name\" content=\"MOBIS\" \/>\n<meta property=\"article:modified_time\" content=\"2021-05-28T13:15:10+00:00\" \/>\n<meta name=\"twitter:card\" content=\"summary_large_image\" \/>\n<meta name=\"twitter:label1\" content=\"Est. reading time\" \/>\n\t<meta name=\"twitter:data1\" content=\"4 minute\" \/>\n<script type=\"application\/ld+json\" class=\"yoast-schema-graph\">{\"@context\":\"https:\/\/schema.org\",\"@graph\":[{\"@type\":\"WebPage\",\"@id\":\"https:\/\/mobis.si\/sl\/projekti\/parketarstvo-mit\/pravilnik-o-zasebnosti\/\",\"url\":\"https:\/\/mobis.si\/sl\/projekti\/parketarstvo-mit\/pravilnik-o-zasebnosti\/\",\"name\":\"Pravilnik o zasebnosti | MOBIS\",\"isPartOf\":{\"@id\":\"https:\/\/mobis.si\/#website\"},\"datePublished\":\"2021-05-28T13:10:42+00:00\",\"dateModified\":\"2021-05-28T13:15:10+00:00\",\"breadcrumb\":{\"@id\":\"https:\/\/mobis.si\/sl\/projekti\/parketarstvo-mit\/pravilnik-o-zasebnosti\/#breadcrumb\"},\"inLanguage\":\"sl-SI\",\"potentialAction\":[{\"@type\":\"ReadAction\",\"target\":[\"https:\/\/mobis.si\/sl\/projekti\/parketarstvo-mit\/pravilnik-o-zasebnosti\/\"]}]},{\"@type\":\"BreadcrumbList\",\"@id\":\"https:\/\/mobis.si\/sl\/projekti\/parketarstvo-mit\/pravilnik-o-zasebnosti\/#breadcrumb\",\"itemListElement\":[{\"@type\":\"ListItem\",\"position\":1,\"name\":\"Domov\",\"item\":\"https:\/\/mobis.si\/sl\/\"},{\"@type\":\"ListItem\",\"position\":2,\"name\":\"Projekti\",\"item\":\"https:\/\/mobis.si\/sl\/projekti\/\"},{\"@type\":\"ListItem\",\"position\":3,\"name\":\"Parketarstvo MIT\",\"item\":\"https:\/\/mobis.si\/sl\/projekti\/parketarstvo-mit\/\"},{\"@type\":\"ListItem\",\"position\":4,\"name\":\"Pravilnik o zasebnosti\"}]},{\"@type\":\"WebSite\",\"@id\":\"https:\/\/mobis.si\/#website\",\"url\":\"https:\/\/mobis.si\/\",\"name\":\"MOBIS\",\"description\":\"Agency for mobile apps\",\"potentialAction\":[{\"@type\":\"SearchAction\",\"target\":{\"@type\":\"EntryPoint\",\"urlTemplate\":\"https:\/\/mobis.si\/?s={search_term_string}\"},\"query-input\":{\"@type\":\"PropertyValueSpecification\",\"valueRequired\":true,\"valueName\":\"search_term_string\"}}],\"inLanguage\":\"sl-SI\"}]}<\/script>\n<!-- \/ Yoast SEO Premium plugin. -->","yoast_head_json":{"title":"Pravilnik o zasebnosti | MOBIS","robots":{"index":"index","follow":"follow","max-snippet":"max-snippet:-1","max-image-preview":"max-image-preview:large","max-video-preview":"max-video-preview:-1"},"canonical":"https:\/\/mobis.si\/sl\/projekti\/parketarstvo-mit\/pravilnik-o-zasebnosti\/","og_locale":"sl_SI","og_type":"article","og_title":"Pravilnik o zasebnosti","og_description":"[vc_row][vc_column][vc_column_text]MIROSLAV TUR\u0160I\u010c s.p. je zagradil mobilno aplikacijo PARKETARSTVO MIT, ki je brezpla\u010dna. To STORITEV ponuja podjetje MIROSLAV TUR\u0160I\u010c s.p. brez kakr\u0161nih koli...","og_url":"https:\/\/mobis.si\/sl\/projekti\/parketarstvo-mit\/pravilnik-o-zasebnosti\/","og_site_name":"MOBIS","article_modified_time":"2021-05-28T13:15:10+00:00","twitter_card":"summary_large_image","twitter_misc":{"Est. reading time":"4 minute"},"schema":{"@context":"https:\/\/schema.org","@graph":[{"@type":"WebPage","@id":"https:\/\/mobis.si\/sl\/projekti\/parketarstvo-mit\/pravilnik-o-zasebnosti\/","url":"https:\/\/mobis.si\/sl\/projekti\/parketarstvo-mit\/pravilnik-o-zasebnosti\/","name":"Pravilnik o zasebnosti | MOBIS","isPartOf":{"@id":"https:\/\/mobis.si\/#website"},"datePublished":"2021-05-28T13:10:42+00:00","dateModified":"2021-05-28T13:15:10+00:00","breadcrumb":{"@id":"https:\/\/mobis.si\/sl\/projekti\/parketarstvo-mit\/pravilnik-o-zasebnosti\/#breadcrumb"},"inLanguage":"sl-SI","potentialAction":[{"@type":"ReadAction","target":["https:\/\/mobis.si\/sl\/projekti\/parketarstvo-mit\/pravilnik-o-zasebnosti\/"]}]},{"@type":"BreadcrumbList","@id":"https:\/\/mobis.si\/sl\/projekti\/parketarstvo-mit\/pravilnik-o-zasebnosti\/#breadcrumb","itemListElement":[{"@type":"ListItem","position":1,"name":"Domov","item":"https:\/\/mobis.si\/sl\/"},{"@type":"ListItem","position":2,"name":"Projekti","item":"https:\/\/mobis.si\/sl\/projekti\/"},{"@type":"ListItem","position":3,"name":"Parketarstvo MIT","item":"https:\/\/mobis.si\/sl\/projekti\/parketarstvo-mit\/"},{"@type":"ListItem","position":4,"name":"Pravilnik o zasebnosti"}]},{"@type":"WebSite","@id":"https:\/\/mobis.si\/#website","url":"https:\/\/mobis.si\/","name":"MOBIS","description":"Agency for mobile apps","potentialAction":[{"@type":"SearchAction","target":{"@type":"EntryPoint","urlTemplate":"https:\/\/mobis.si\/?s={search_term_string}"},"query-input":{"@type":"PropertyValueSpecification","valueRequired":true,"valueName":"search_term_string"}}],"inLanguage":"sl-SI"}]}},"_links":{"self":[{"href":"https:\/\/mobis.si\/sl\/wp-json\/wp\/v2\/pages\/21105","targetHints":{"allow":["GET"]}}],"collection":[{"href":"https:\/\/mobis.si\/sl\/wp-json\/wp\/v2\/pages"}],"about":[{"href":"https:\/\/mobis.si\/sl\/wp-json\/wp\/v2\/types\/page"}],"author":[{"embeddable":true,"href":"https:\/\/mobis.si\/sl\/wp-json\/wp\/v2\/users\/2"}],"replies":[{"embeddable":true,"href":"https:\/\/mobis.si\/sl\/wp-json\/wp\/v2\/comments?post=21105"}],"version-history":[{"count":3,"href":"https:\/\/mobis.si\/sl\/wp-json\/wp\/v2\/pages\/21105\/revisions"}],"predecessor-version":[{"id":21108,"href":"https:\/\/mobis.si\/sl\/wp-json\/wp\/v2\/pages\/21105\/revisions\/21108"}],"up":[{"embeddable":true,"href":"https:\/\/mobis.si\/sl\/wp-json\/wp\/v2\/pages\/21103"}],"wp:attachment":[{"href":"https:\/\/mobis.si\/sl\/wp-json\/wp\/v2\/media?parent=21105"}],"curies":[{"name":"wp","href":"https:\/\/api.w.org\/{rel}","templated":true}]}}